{"id":21,"date":"2014-02-04T23:35:41","date_gmt":"2014-02-04T22:35:41","guid":{"rendered":"http:\/\/mileniumsolutions.es\/es\/?page_id=21"},"modified":"2020-04-26T16:59:34","modified_gmt":"2020-04-26T15:59:34","slug":"inicio","status":"publish","type":"page","link":"https:\/\/mileniumsolutions.es\/es\/","title":{"rendered":"Inicio"},"content":{"rendered":"<p>[et_pb_section fb_built=\u00bb1&#8243; fullwidth=\u00bbon\u00bb _builder_version=\u00bb3.22&#8243;][et_pb_fullwidth_slider admin_label=\u00bbFullwidth Slider\u00bb _builder_version=\u00bb4.4.4&#8243; custom_padding=\u00bb|||\u00bb custom_padding_tablet=\u00bb|||\u00bb custom_padding_phone=\u00bb|||\u00bb auto=\u00bbon\u00bb auto_speed=\u00bb3000&#8243; hover_enabled=\u00bb0&#8243; border_radii_image=\u00bboff||||\u00bb box_shadow_style=\u00bbpreset6&#8243; box_shadow_blur=\u00bb10px\u00bb box_shadow_color=\u00bbrgba(0,0,0,0.1)\u00bb show_inner_shadow=\u00bbon\u00bb button_text_size__hover_enabled=\u00bboff\u00bb button_one_text_size__hover_enabled=\u00bboff\u00bb button_two_text_size__hover_enabled=\u00bboff\u00bb button_text_color__hover_enabled=\u00bboff\u00bb button_one_text_color__hover_enabled=\u00bboff\u00bb button_two_text_color__hover_enabled=\u00bboff\u00bb button_border_width__hover_enabled=\u00bboff\u00bb button_one_border_width__hover_enabled=\u00bboff\u00bb button_two_border_width__hover_enabled=\u00bboff\u00bb button_border_color__hover_enabled=\u00bboff\u00bb button_one_border_color__hover_enabled=\u00bboff\u00bb button_two_border_color__hover_enabled=\u00bboff\u00bb button_border_radius__hover_enabled=\u00bboff\u00bb button_one_border_radius__hover_enabled=\u00bboff\u00bb button_two_border_radius__hover_enabled=\u00bboff\u00bb button_letter_spacing__hover_enabled=\u00bboff\u00bb button_one_letter_spacing__hover_enabled=\u00bboff\u00bb button_two_letter_spacing__hover_enabled=\u00bboff\u00bb button_bg_color__hover_enabled=\u00bboff\u00bb button_one_bg_color__hover_enabled=\u00bboff\u00bb button_two_bg_color__hover_enabled=\u00bboff\u00bb][et_pb_slide heading=\u00bbConsultor\u00eda en Sistemas de Gesti\u00f3n\u00bb button_text=\u00bbConocenos mejor\u00bb button_link=\u00bbhttp:\/\/mileniumsolutions.es\/es\/quienes-somos\/\u00bb image=\u00bbhttps:\/\/mileniumsolutions.es\/es\/wp-content\/uploads\/2014\/02\/Transparent.gif\u00bb _builder_version=\u00bb4.4.4&#8243; background_color=\u00bb#ffffff\u00bb background_image=\u00bbhttps:\/\/mileniumsolutions.es\/es\/wp-content\/uploads\/2014\/02\/mileniumsolutions.jpg\u00bb background_enable_image=\u00bbon\u00bb hover_enabled=\u00bb0&#8243; button_text_size__hover_enabled=\u00bboff\u00bb button_one_text_size__hover_enabled=\u00bboff\u00bb button_two_text_size__hover_enabled=\u00bboff\u00bb button_text_color__hover_enabled=\u00bboff\u00bb button_one_text_color__hover_enabled=\u00bboff\u00bb button_two_text_color__hover_enabled=\u00bboff\u00bb button_border_width__hover_enabled=\u00bboff\u00bb button_one_border_width__hover_enabled=\u00bboff\u00bb button_two_border_width__hover_enabled=\u00bboff\u00bb button_border_color__hover_enabled=\u00bboff\u00bb button_one_border_color__hover_enabled=\u00bboff\u00bb button_two_border_color__hover_enabled=\u00bboff\u00bb button_border_radius__hover_enabled=\u00bboff\u00bb button_one_border_radius__hover_enabled=\u00bboff\u00bb button_two_border_radius__hover_enabled=\u00bboff\u00bb button_letter_spacing__hover_enabled=\u00bboff\u00bb button_one_letter_spacing__hover_enabled=\u00bboff\u00bb button_two_letter_spacing__hover_enabled=\u00bboff\u00bb button_bg_color__hover_enabled=\u00bboff\u00bb button_one_bg_color__hover_enabled=\u00bboff\u00bb button_two_bg_color__hover_enabled=\u00bboff\u00bb title_text=\u00bbTransparent\u00bb]<\/p>\n<div>En MS trabajamos sobre los procesos claves que permiten mejorar la productividad, eficacia y seguridad de los servicios ofrecidos por nuestros clientes.<\/div>\n<p>[\/et_pb_slide][et_pb_slide heading=\u00bbTodo tipo de certificaciones\u00bb button_text=\u00bbM\u00e1s informaci\u00f3n\u00bb button_link=\u00bbhttp:\/\/mileniumsolutions.es\/es\/servicios\/\u00bb image=\u00bbhttps:\/\/mileniumsolutions.es\/es\/wp-content\/uploads\/2014\/02\/servicios.gif\u00bb _builder_version=\u00bb4.4.4&#8243; background_color=\u00bb#ffffff\u00bb background_image=\u00bbhttps:\/\/mileniumsolutions.es\/es\/wp-content\/uploads\/2014\/02\/indice2.jpg\u00bb background_enable_image=\u00bbon\u00bb button_text_size__hover_enabled=\u00bboff\u00bb button_one_text_size__hover_enabled=\u00bboff\u00bb button_two_text_size__hover_enabled=\u00bboff\u00bb button_text_color__hover_enabled=\u00bboff\u00bb button_one_text_color__hover_enabled=\u00bboff\u00bb button_two_text_color__hover_enabled=\u00bboff\u00bb button_border_width__hover_enabled=\u00bboff\u00bb button_one_border_width__hover_enabled=\u00bboff\u00bb button_two_border_width__hover_enabled=\u00bboff\u00bb button_border_color__hover_enabled=\u00bboff\u00bb button_one_border_color__hover_enabled=\u00bboff\u00bb button_two_border_color__hover_enabled=\u00bboff\u00bb button_border_radius__hover_enabled=\u00bboff\u00bb button_one_border_radius__hover_enabled=\u00bboff\u00bb button_two_border_radius__hover_enabled=\u00bboff\u00bb button_letter_spacing__hover_enabled=\u00bboff\u00bb button_one_letter_spacing__hover_enabled=\u00bboff\u00bb button_two_letter_spacing__hover_enabled=\u00bboff\u00bb button_bg_color__hover_enabled=\u00bboff\u00bb button_one_bg_color__hover_enabled=\u00bboff\u00bb button_two_bg_color__hover_enabled=\u00bboff\u00bb]<\/p>\n<p dir=\"ltr\">Nos diferenciamos por el dise\u00f1o, implantaci\u00f3n y mantenimiento de sistemas de gesti\u00f3n, y reingenier\u00eda de procesos<\/p>\n<p>[\/et_pb_slide][et_pb_slide heading=\u00bbTrabajamos con AENOR\u00bb _builder_version=\u00bb4.4.4&#8243; background_color=\u00bb#ffffff\u00bb background_image=\u00bbhttps:\/\/mileniumsolutions.es\/es\/wp-content\/uploads\/2014\/02\/indice3.jpg\u00bb background_enable_image=\u00bbon\u00bb button_text_size__hover_enabled=\u00bboff\u00bb button_one_text_size__hover_enabled=\u00bboff\u00bb button_two_text_size__hover_enabled=\u00bboff\u00bb button_text_color__hover_enabled=\u00bboff\u00bb button_one_text_color__hover_enabled=\u00bboff\u00bb button_two_text_color__hover_enabled=\u00bboff\u00bb button_border_width__hover_enabled=\u00bboff\u00bb button_one_border_width__hover_enabled=\u00bboff\u00bb button_two_border_width__hover_enabled=\u00bboff\u00bb button_border_color__hover_enabled=\u00bboff\u00bb button_one_border_color__hover_enabled=\u00bboff\u00bb button_two_border_color__hover_enabled=\u00bboff\u00bb button_border_radius__hover_enabled=\u00bboff\u00bb button_one_border_radius__hover_enabled=\u00bboff\u00bb button_two_border_radius__hover_enabled=\u00bboff\u00bb button_letter_spacing__hover_enabled=\u00bboff\u00bb button_one_letter_spacing__hover_enabled=\u00bboff\u00bb button_two_letter_spacing__hover_enabled=\u00bboff\u00bb button_bg_color__hover_enabled=\u00bboff\u00bb button_one_bg_color__hover_enabled=\u00bboff\u00bb button_two_bg_color__hover_enabled=\u00bboff\u00bb]<\/p>\n<p>El equipo de producci\u00f3n de MS se encuentra formado por un conjunto de profesionales expertos en Sistemas de Gesti\u00f3n, Tecnolog\u00edas y Seguridad de la Informaci\u00f3n. Todos ellos est\u00e1n certificados por la entidad acreditada a nivel internacional, AENOR.<\/p>\n<p>[\/et_pb_slide][\/et_pb_fullwidth_slider][\/et_pb_section]<\/p>\n","protected":false},"excerpt":{"rendered":"<p>En MS trabajamos sobre los procesos claves que permiten mejorar la productividad, eficacia y seguridad de los servicios ofrecidos por nuestros clientes. Nos diferenciamos por el dise\u00f1o, implantaci\u00f3n y mantenimiento de sistemas de gesti\u00f3n, y reingenier\u00eda de procesos El equipo de producci\u00f3n de MS se encuentra formado por un conjunto de profesionales expertos en Sistemas [&hellip;]<\/p>\n","protected":false},"author":5,"featured_media":0,"parent":0,"menu_order":0,"comment_status":"closed","ping_status":"closed","template":"","meta":{"_et_pb_use_builder":"on","_et_pb_old_content":"","_et_gb_content_width":"","ngg_post_thumbnail":0,"footnotes":""},"class_list":["post-21","page","type-page","status-publish","hentry"],"yoast_head":"<!-- This site is optimized with the Yoast SEO plugin v26.1.1 - https:\/\/yoast.com\/wordpress\/plugins\/seo\/ -->\n<title>Milenium Solutions<\/title>\n<meta name=\"description\" content=\"Organizaci\u00f3n dedicada a la consultor\u00eda y auditor\u00eda en el \u00e1mbito de los Sistemas de Calidad y Seguridad de la Informaci\u00f3n.\" \/>\n<meta name=\"robots\" content=\"index, follow, max-snippet:-1, max-image-preview:large, max-video-preview:-1\" \/>\n<link rel=\"canonical\" href=\"https:\/\/mileniumsolutions.es\/es\/\" \/>\n<meta property=\"og:locale\" content=\"es_ES\" \/>\n<meta property=\"og:type\" content=\"article\" \/>\n<meta property=\"og:title\" content=\"Milenium Solutions\" \/>\n<meta property=\"og:description\" content=\"Organizaci\u00f3n dedicada a la consultor\u00eda y auditor\u00eda en el \u00e1mbito de los Sistemas de Calidad y Seguridad de la Informaci\u00f3n.\" \/>\n<meta property=\"og:url\" content=\"https:\/\/mileniumsolutions.es\/es\/\" \/>\n<meta property=\"og:site_name\" content=\"Milenium Solutions\" \/>\n<meta property=\"article:modified_time\" content=\"2020-04-26T15:59:34+00:00\" \/>\n<meta name=\"twitter:label1\" content=\"Tiempo de lectura\" \/>\n\t<meta name=\"twitter:data1\" content=\"4 minutos\" \/>\n<script type=\"application\/ld+json\" class=\"yoast-schema-graph\">{\"@context\":\"https:\/\/schema.org\",\"@graph\":[{\"@type\":\"WebPage\",\"@id\":\"https:\/\/mileniumsolutions.es\/es\/\",\"url\":\"https:\/\/mileniumsolutions.es\/es\/\",\"name\":\"Milenium Solutions\",\"isPartOf\":{\"@id\":\"https:\/\/mileniumsolutions.es\/es\/#website\"},\"datePublished\":\"2014-02-04T22:35:41+00:00\",\"dateModified\":\"2020-04-26T15:59:34+00:00\",\"description\":\"Organizaci\u00f3n dedicada a la consultor\u00eda y auditor\u00eda en el \u00e1mbito de los Sistemas de Calidad y Seguridad de la Informaci\u00f3n.\",\"breadcrumb\":{\"@id\":\"https:\/\/mileniumsolutions.es\/es\/#breadcrumb\"},\"inLanguage\":\"es\",\"potentialAction\":[{\"@type\":\"ReadAction\",\"target\":[\"https:\/\/mileniumsolutions.es\/es\/\"]}]},{\"@type\":\"BreadcrumbList\",\"@id\":\"https:\/\/mileniumsolutions.es\/es\/#breadcrumb\",\"itemListElement\":[{\"@type\":\"ListItem\",\"position\":1,\"name\":\"Portada\",\"item\":\"https:\/\/mileniumsolutions.es\/es\/\"},{\"@type\":\"ListItem\",\"position\":2,\"name\":\"Inicio\"}]},{\"@type\":\"WebSite\",\"@id\":\"https:\/\/mileniumsolutions.es\/es\/#website\",\"url\":\"https:\/\/mileniumsolutions.es\/es\/\",\"name\":\"Milenium Solutions\",\"description\":\"Gesti\u00f3n Integral de Servicios\",\"potentialAction\":[{\"@type\":\"SearchAction\",\"target\":{\"@type\":\"EntryPoint\",\"urlTemplate\":\"https:\/\/mileniumsolutions.es\/es\/?s={search_term_string}\"},\"query-input\":{\"@type\":\"PropertyValueSpecification\",\"valueRequired\":true,\"valueName\":\"search_term_string\"}}],\"inLanguage\":\"es\"}]}<\/script>\n<!-- \/ Yoast SEO plugin. -->","yoast_head_json":{"title":"Milenium Solutions","description":"Organizaci\u00f3n dedicada a la consultor\u00eda y auditor\u00eda en el \u00e1mbito de los Sistemas de Calidad y Seguridad de la Informaci\u00f3n.","robots":{"index":"index","follow":"follow","max-snippet":"max-snippet:-1","max-image-preview":"max-image-preview:large","max-video-preview":"max-video-preview:-1"},"canonical":"https:\/\/mileniumsolutions.es\/es\/","og_locale":"es_ES","og_type":"article","og_title":"Milenium Solutions","og_description":"Organizaci\u00f3n dedicada a la consultor\u00eda y auditor\u00eda en el \u00e1mbito de los Sistemas de Calidad y Seguridad de la Informaci\u00f3n.","og_url":"https:\/\/mileniumsolutions.es\/es\/","og_site_name":"Milenium Solutions","article_modified_time":"2020-04-26T15:59:34+00:00","twitter_misc":{"Tiempo de lectura":"4 minutos"},"schema":{"@context":"https:\/\/schema.org","@graph":[{"@type":"WebPage","@id":"https:\/\/mileniumsolutions.es\/es\/","url":"https:\/\/mileniumsolutions.es\/es\/","name":"Milenium Solutions","isPartOf":{"@id":"https:\/\/mileniumsolutions.es\/es\/#website"},"datePublished":"2014-02-04T22:35:41+00:00","dateModified":"2020-04-26T15:59:34+00:00","description":"Organizaci\u00f3n dedicada a la consultor\u00eda y auditor\u00eda en el \u00e1mbito de los Sistemas de Calidad y Seguridad de la Informaci\u00f3n.","breadcrumb":{"@id":"https:\/\/mileniumsolutions.es\/es\/#breadcrumb"},"inLanguage":"es","potentialAction":[{"@type":"ReadAction","target":["https:\/\/mileniumsolutions.es\/es\/"]}]},{"@type":"BreadcrumbList","@id":"https:\/\/mileniumsolutions.es\/es\/#breadcrumb","itemListElement":[{"@type":"ListItem","position":1,"name":"Portada","item":"https:\/\/mileniumsolutions.es\/es\/"},{"@type":"ListItem","position":2,"name":"Inicio"}]},{"@type":"WebSite","@id":"https:\/\/mileniumsolutions.es\/es\/#website","url":"https:\/\/mileniumsolutions.es\/es\/","name":"Milenium Solutions","description":"Gesti\u00f3n Integral de Servicios","potentialAction":[{"@type":"SearchAction","target":{"@type":"EntryPoint","urlTemplate":"https:\/\/mileniumsolutions.es\/es\/?s={search_term_string}"},"query-input":{"@type":"PropertyValueSpecification","valueRequired":true,"valueName":"search_term_string"}}],"inLanguage":"es"}]}},"_links":{"self":[{"href":"https:\/\/mileniumsolutions.es\/es\/wp-json\/wp\/v2\/pages\/21","targetHints":{"allow":["GET"]}}],"collection":[{"href":"https:\/\/mileniumsolutions.es\/es\/wp-json\/wp\/v2\/pages"}],"about":[{"href":"https:\/\/mileniumsolutions.es\/es\/wp-json\/wp\/v2\/types\/page"}],"author":[{"embeddable":true,"href":"https:\/\/mileniumsolutions.es\/es\/wp-json\/wp\/v2\/users\/5"}],"replies":[{"embeddable":true,"href":"https:\/\/mileniumsolutions.es\/es\/wp-json\/wp\/v2\/comments?post=21"}],"version-history":[{"count":64,"href":"https:\/\/mileniumsolutions.es\/es\/wp-json\/wp\/v2\/pages\/21\/revisions"}],"predecessor-version":[{"id":608,"href":"https:\/\/mileniumsolutions.es\/es\/wp-json\/wp\/v2\/pages\/21\/revisions\/608"}],"wp:attachment":[{"href":"https:\/\/mileniumsolutions.es\/es\/wp-json\/wp\/v2\/media?parent=21"}],"curies":[{"name":"wp","href":"https:\/\/api.w.org\/{rel}","templated":true}]}}