{"id":331,"date":"2016-04-06T10:57:35","date_gmt":"2016-04-06T09:57:35","guid":{"rendered":"http:\/\/mileniumsolutions.es\/es\/?page_id=331"},"modified":"2020-04-26T17:08:53","modified_gmt":"2020-04-26T16:08:53","slug":"area-infancia","status":"publish","type":"page","link":"https:\/\/mileniumsolutions.es\/es\/area-infancia\/","title":{"rendered":"\u00c1rea Infancia"},"content":{"rendered":"<p>[et_pb_section fb_built=\u00bb1&#8243; admin_label=\u00bbsection\u00bb _builder_version=\u00bb3.22&#8243;][et_pb_row admin_label=\u00bbrow\u00bb _builder_version=\u00bb3.25&#8243; background_size=\u00bbinitial\u00bb background_position=\u00bbtop_left\u00bb background_repeat=\u00bbrepeat\u00bb][et_pb_column type=\u00bb4_4&#8243; _builder_version=\u00bb3.25&#8243; custom_padding=\u00bb|||\u00bb custom_padding__hover=\u00bb|||\u00bb][et_pb_image src=\u00bbhttps:\/\/mileniumsolutions.es\/es\/wp-content\/uploads\/2016\/04\/Area-infancia-milenium.jpg\u00bb align_tablet=\u00bbcenter\u00bb align_last_edited=\u00bbon|desktop\u00bb admin_label=\u00bbImage\u00bb _builder_version=\u00bb4.4.4&#8243; hover_enabled=\u00bb0&#8243; animation=\u00bboff\u00bb title_text=\u00bbArea infancia milenium\u00bb] [\/et_pb_image][\/et_pb_column][\/et_pb_row][et_pb_row admin_label=\u00bbrow\u00bb _builder_version=\u00bb4.4.4&#8243; background_size=\u00bbinitial\u00bb background_position=\u00bbtop_left\u00bb background_repeat=\u00bbrepeat\u00bb column_structure=\u00bb1_2,1_2&#8243;][et_pb_column type=\u00bb1_2&#8243; _builder_version=\u00bb4.4.4&#8243; custom_padding=\u00bb|||\u00bb hover_enabled=\u00bb0&#8243; custom_padding__hover=\u00bb|||\u00bb][et_pb_text admin_label=\u00bbText\u00bb _builder_version=\u00bb4.4.4&#8243; background_size=\u00bbinitial\u00bb background_position=\u00bbtop_left\u00bb background_repeat=\u00bbrepeat\u00bb hover_enabled=\u00bb0&#8243; use_border_color=\u00bboff\u00bb border_color=\u00bb#ffffff\u00bb border_style=\u00bbsolid\u00bb]<\/p>\n<p style=\"text-align: justify;\"><span style=\"color: #000000;\">Somos una empresa muy comprometida con el \u00e1mbito educativo. Contamos con un experimentado equipo educativo altamente cualificado y comprometido con una educaci\u00f3n de calidad al que todos aportamos nuestro m\u00e1s alto compromiso personal.<\/span><\/p>\n<p style=\"text-align: justify;\"><a href=\"https:\/\/mileniumsolutions.es\/es\/wp-content\/uploads\/2016\/04\/Child-eating-lunch750.jpg\"><img loading=\"lazy\" decoding=\"async\" class=\"size-medium wp-image-566 alignleft\" src=\"https:\/\/mileniumsolutions.es\/es\/wp-content\/uploads\/2016\/04\/Child-eating-lunch750-300x200.jpg\" alt=\"\" width=\"300\" height=\"200\" srcset=\"https:\/\/mileniumsolutions.es\/es\/wp-content\/uploads\/2016\/04\/Child-eating-lunch750-300x200.jpg 300w, https:\/\/mileniumsolutions.es\/es\/wp-content\/uploads\/2016\/04\/Child-eating-lunch750.jpg 750w\" sizes=\"(max-width: 300px) 100vw, 300px\" \/><\/a><\/p>\n<p style=\"text-align: justify;\"><span style=\"color: #000000;\">Un Equipo multidisciplinar dispuesto siempre a enriquecer aquellos proyectos en los que participamos.<\/span><br \/>\n<span style=\"color: #000000;\"> Un equipo que trabaja siempre en funci\u00f3n de los intereses y necesidades de los ni\u00f1os y de las ni\u00f1as.<\/span><\/p>\n<p style=\"text-align: justify;\"><a href=\"https:\/\/mileniumsolutions.es\/es\/wp-content\/uploads\/2016\/04\/891d86aeecff2380e72cd271c9f63b60.png\"><img loading=\"lazy\" decoding=\"async\" class=\"alignnone wp-image-564\" src=\"https:\/\/mileniumsolutions.es\/es\/wp-content\/uploads\/2016\/04\/891d86aeecff2380e72cd271c9f63b60-300x163.png\" alt=\"\" width=\"607\" height=\"330\" srcset=\"https:\/\/mileniumsolutions.es\/es\/wp-content\/uploads\/2016\/04\/891d86aeecff2380e72cd271c9f63b60-300x163.png 300w, https:\/\/mileniumsolutions.es\/es\/wp-content\/uploads\/2016\/04\/891d86aeecff2380e72cd271c9f63b60-768x417.png 768w, https:\/\/mileniumsolutions.es\/es\/wp-content\/uploads\/2016\/04\/891d86aeecff2380e72cd271c9f63b60.png 926w\" sizes=\"(max-width: 607px) 100vw, 607px\" \/><\/a><\/p>\n<p style=\"text-align: justify;\">[\/et_pb_text][\/et_pb_column][et_pb_column type=\u00bb1_2&#8243; _builder_version=\u00bb3.25&#8243; custom_padding=\u00bb|||\u00bb custom_padding__hover=\u00bb|||\u00bb][et_pb_cta title=\u00bbExpo del Juguete Antiguo\u00bb button_url=\u00bbhttp:\/\/mileniumsolutions.es\/es\/galeria-expo\/\u00bb url_new_window=\u00bbon\u00bb button_text=\u00bbVer la Expo\u00bb admin_label=\u00bbLlamada a la acci\u00f3n\u00bb _builder_version=\u00bb4.4.4&#8243; background_size=\u00bbinitial\u00bb background_position=\u00bbtop_left\u00bb background_repeat=\u00bbrepeat\u00bb hover_enabled=\u00bb0&#8243; use_border_color=\u00bboff\u00bb border_color=\u00bb#ffffff\u00bb border_style=\u00bbsolid\u00bb button_letter_spacing_hover=\u00bb0&#8243; button_text_size__hover_enabled=\u00bboff\u00bb button_one_text_size__hover_enabled=\u00bboff\u00bb button_two_text_size__hover_enabled=\u00bboff\u00bb button_text_color__hover_enabled=\u00bboff\u00bb button_one_text_color__hover_enabled=\u00bboff\u00bb button_two_text_color__hover_enabled=\u00bboff\u00bb button_border_width__hover_enabled=\u00bboff\u00bb button_one_border_width__hover_enabled=\u00bboff\u00bb button_two_border_width__hover_enabled=\u00bboff\u00bb button_border_color__hover_enabled=\u00bboff\u00bb button_one_border_color__hover_enabled=\u00bboff\u00bb button_two_border_color__hover_enabled=\u00bboff\u00bb button_border_radius__hover_enabled=\u00bboff\u00bb button_one_border_radius__hover_enabled=\u00bboff\u00bb button_two_border_radius__hover_enabled=\u00bboff\u00bb button_letter_spacing__hover_enabled=\u00bbon\u00bb button_letter_spacing__hover=\u00bb0&#8243; button_one_letter_spacing__hover_enabled=\u00bboff\u00bb button_two_letter_spacing__hover_enabled=\u00bboff\u00bb button_bg_color__hover_enabled=\u00bboff\u00bb button_one_bg_color__hover_enabled=\u00bboff\u00bb button_two_bg_color__hover_enabled=\u00bboff\u00bb]<a href=\"https:\/\/mileniumsolutions.es\/es\/wp-content\/uploads\/2016\/04\/nuevo.jpg\"><img loading=\"lazy\" decoding=\"async\" class=\" wp-image-558 aligncenter\" src=\"https:\/\/mileniumsolutions.es\/es\/wp-content\/uploads\/2016\/04\/nuevo-200x300.jpg\" alt=\"\" width=\"339\" height=\"509\" srcset=\"https:\/\/mileniumsolutions.es\/es\/wp-content\/uploads\/2016\/04\/nuevo-200x300.jpg 200w, https:\/\/mileniumsolutions.es\/es\/wp-content\/uploads\/2016\/04\/nuevo-768x1152.jpg 768w, https:\/\/mileniumsolutions.es\/es\/wp-content\/uploads\/2016\/04\/nuevo-683x1024.jpg 683w, https:\/\/mileniumsolutions.es\/es\/wp-content\/uploads\/2016\/04\/nuevo-1080x1620.jpg 1080w\" sizes=\"(max-width: 339px) 100vw, 339px\" \/><\/a>[\/et_pb_cta][\/et_pb_column][\/et_pb_row][et_pb_row admin_label=\u00bbFila\u00bb _builder_version=\u00bb3.25&#8243; background_size=\u00bbinitial\u00bb background_position=\u00bbtop_left\u00bb background_repeat=\u00bbrepeat\u00bb][et_pb_column type=\u00bb4_4&#8243; _builder_version=\u00bb3.25&#8243; custom_padding=\u00bb|||\u00bb custom_padding__hover=\u00bb|||\u00bb][et_pb_text admin_label=\u00bbTexto\u00bb _builder_version=\u00bb3.27.4&#8243; background_size=\u00bbinitial\u00bb background_position=\u00bbtop_left\u00bb background_repeat=\u00bbrepeat\u00bb use_border_color=\u00bboff\u00bb border_color=\u00bb#ffffff\u00bb border_style=\u00bbsolid\u00bb]Entre las \u00faltimas entidades con las que trabajamos destacamos:<br \/>\n[\/et_pb_text][\/et_pb_column][\/et_pb_row][et_pb_row admin_label=\u00bbrow\u00bb _builder_version=\u00bb3.25&#8243; background_size=\u00bbinitial\u00bb background_position=\u00bbtop_left\u00bb background_repeat=\u00bbrepeat\u00bb column_structure=\u00bb1_4,1_4,1_4,1_4&#8243;][et_pb_column type=\u00bb1_4&#8243; _builder_version=\u00bb3.25&#8243; custom_padding=\u00bb|||\u00bb custom_padding__hover=\u00bb|||\u00bb][et_pb_image src=\u00bbhttps:\/\/mileniumsolutions.es\/es\/wp-content\/uploads\/2016\/04\/Logo_Institucional_Ayto_Pinto2.jpg\u00bb align_tablet=\u00bbcenter\u00bb align_last_edited=\u00bbon|desktop\u00bb admin_label=\u00bbImage\u00bb _builder_version=\u00bb4.4.4&#8243; animation_style=\u00bbslide\u00bb animation_direction=\u00bbleft\u00bb animation_duration=\u00bb500ms\u00bb animation_intensity_slide=\u00bb10%\u00bb hover_enabled=\u00bb0&#8243; animation=\u00bbleft\u00bb title_text=\u00bbLogo_Institucional_Ayto_Pinto2&#8243;] [\/et_pb_image][\/et_pb_column][et_pb_column type=\u00bb1_4&#8243; _builder_version=\u00bb3.25&#8243; custom_padding=\u00bb|||\u00bb custom_padding__hover=\u00bb|||\u00bb][et_pb_image src=\u00bbhttps:\/\/mileniumsolutions.es\/es\/wp-content\/uploads\/2016\/04\/logoURJC.jpg\u00bb align_tablet=\u00bbcenter\u00bb align_last_edited=\u00bbon|desktop\u00bb admin_label=\u00bbImage\u00bb _builder_version=\u00bb4.4.4&#8243; animation_style=\u00bbslide\u00bb animation_direction=\u00bbleft\u00bb animation_duration=\u00bb500ms\u00bb animation_intensity_slide=\u00bb10%\u00bb hover_enabled=\u00bb0&#8243; animation=\u00bbleft\u00bb title_text=\u00bblogoURJC\u00bb] [\/et_pb_image][\/et_pb_column][et_pb_column type=\u00bb1_4&#8243; _builder_version=\u00bb3.25&#8243; custom_padding=\u00bb|||\u00bb custom_padding__hover=\u00bb|||\u00bb][et_pb_image src=\u00bbhttps:\/\/mileniumsolutions.es\/es\/wp-content\/uploads\/2016\/04\/logo-644&#215;362.jpg\u00bb align_tablet=\u00bbcenter\u00bb align_last_edited=\u00bbon|desktop\u00bb admin_label=\u00bbImage\u00bb _builder_version=\u00bb4.4.4&#8243; animation_style=\u00bbslide\u00bb animation_direction=\u00bbleft\u00bb animation_duration=\u00bb500ms\u00bb animation_intensity_slide=\u00bb10%\u00bb hover_enabled=\u00bb0&#8243; animation=\u00bbleft\u00bb title_text=\u00bblogo&#8211;644&#215;362&#8243;] [\/et_pb_image][\/et_pb_column][et_pb_column type=\u00bb1_4&#8243; _builder_version=\u00bb3.25&#8243; custom_padding=\u00bb|||\u00bb custom_padding__hover=\u00bb|||\u00bb][et_pb_image src=\u00bbhttps:\/\/mileniumsolutions.es\/es\/wp-content\/uploads\/2016\/04\/losfresnos_400x400.jpg\u00bb align_tablet=\u00bbcenter\u00bb align_last_edited=\u00bbon|desktop\u00bb admin_label=\u00bbImagen\u00bb _builder_version=\u00bb4.4.4&#8243; animation_style=\u00bbslide\u00bb animation_direction=\u00bbleft\u00bb animation_duration=\u00bb500ms\u00bb animation_intensity_slide=\u00bb10%\u00bb hover_enabled=\u00bb0&#8243; animation=\u00bbleft\u00bb sticky=\u00bboff\u00bb use_border_color=\u00bboff\u00bb border_color=\u00bb#ffffff\u00bb border_style=\u00bbsolid\u00bb always_center_on_mobile=\u00bbon\u00bb title_text=\u00bblosfresnos_400x400&#8243;] [\/et_pb_image][\/et_pb_column][\/et_pb_row][\/et_pb_section]<\/p>\n","protected":false},"excerpt":{"rendered":"<p>Somos una empresa muy comprometida con el \u00e1mbito educativo. Contamos con un experimentado equipo educativo altamente cualificado y comprometido con una educaci\u00f3n de calidad al que todos aportamos nuestro m\u00e1s alto compromiso personal. Un Equipo multidisciplinar dispuesto siempre a enriquecer aquellos proyectos en los que participamos. Un equipo que trabaja siempre en funci\u00f3n de los [&hellip;]<\/p>\n","protected":false},"author":5,"featured_media":0,"parent":0,"menu_order":0,"comment_status":"closed","ping_status":"closed","template":"","meta":{"_et_pb_use_builder":"on","_et_pb_old_content":"","_et_gb_content_width":"","ngg_post_thumbnail":0,"footnotes":""},"class_list":["post-331","page","type-page","status-publish","hentry"],"yoast_head":"<!-- This site is optimized with the Yoast SEO plugin v26.1.1 - https:\/\/yoast.com\/wordpress\/plugins\/seo\/ -->\n<title>\u00c1rea Infancia - Milenium Solutions<\/title>\n<meta name=\"robots\" content=\"index, follow, max-snippet:-1, max-image-preview:large, max-video-preview:-1\" \/>\n<link rel=\"canonical\" href=\"https:\/\/mileniumsolutions.es\/es\/area-infancia\/\" \/>\n<meta property=\"og:locale\" content=\"es_ES\" \/>\n<meta property=\"og:type\" content=\"article\" \/>\n<meta property=\"og:title\" content=\"\u00c1rea Infancia - Milenium Solutions\" \/>\n<meta property=\"og:description\" content=\"Somos una empresa muy comprometida con el \u00e1mbito educativo. Contamos con un experimentado equipo educativo altamente cualificado y comprometido con una educaci\u00f3n de calidad al que todos aportamos nuestro m\u00e1s alto compromiso personal. Un Equipo multidisciplinar dispuesto siempre a enriquecer aquellos proyectos en los que participamos. Un equipo que trabaja siempre en funci\u00f3n de los [&hellip;]\" \/>\n<meta property=\"og:url\" content=\"https:\/\/mileniumsolutions.es\/es\/area-infancia\/\" \/>\n<meta property=\"og:site_name\" content=\"Milenium Solutions\" \/>\n<meta property=\"article:modified_time\" content=\"2020-04-26T16:08:53+00:00\" \/>\n<meta property=\"og:image\" content=\"https:\/\/mileniumsolutions.es\/es\/wp-content\/uploads\/2016\/04\/Child-eating-lunch750.jpg\" \/>\n\t<meta property=\"og:image:width\" content=\"750\" \/>\n\t<meta property=\"og:image:height\" content=\"500\" \/>\n\t<meta property=\"og:image:type\" content=\"image\/jpeg\" \/>\n<meta name=\"twitter:label1\" content=\"Tiempo de lectura\" \/>\n\t<meta name=\"twitter:data1\" content=\"4 minutos\" \/>\n<script type=\"application\/ld+json\" class=\"yoast-schema-graph\">{\"@context\":\"https:\/\/schema.org\",\"@graph\":[{\"@type\":\"WebPage\",\"@id\":\"https:\/\/mileniumsolutions.es\/es\/area-infancia\/\",\"url\":\"https:\/\/mileniumsolutions.es\/es\/area-infancia\/\",\"name\":\"\u00c1rea Infancia - Milenium Solutions\",\"isPartOf\":{\"@id\":\"https:\/\/mileniumsolutions.es\/es\/#website\"},\"primaryImageOfPage\":{\"@id\":\"https:\/\/mileniumsolutions.es\/es\/area-infancia\/#primaryimage\"},\"image\":{\"@id\":\"https:\/\/mileniumsolutions.es\/es\/area-infancia\/#primaryimage\"},\"thumbnailUrl\":\"https:\/\/mileniumsolutions.es\/es\/wp-content\/uploads\/2016\/04\/Child-eating-lunch750-300x200.jpg\",\"datePublished\":\"2016-04-06T09:57:35+00:00\",\"dateModified\":\"2020-04-26T16:08:53+00:00\",\"breadcrumb\":{\"@id\":\"https:\/\/mileniumsolutions.es\/es\/area-infancia\/#breadcrumb\"},\"inLanguage\":\"es\",\"potentialAction\":[{\"@type\":\"ReadAction\",\"target\":[\"https:\/\/mileniumsolutions.es\/es\/area-infancia\/\"]}]},{\"@type\":\"ImageObject\",\"inLanguage\":\"es\",\"@id\":\"https:\/\/mileniumsolutions.es\/es\/area-infancia\/#primaryimage\",\"url\":\"https:\/\/mileniumsolutions.es\/es\/wp-content\/uploads\/2016\/04\/Child-eating-lunch750.jpg\",\"contentUrl\":\"https:\/\/mileniumsolutions.es\/es\/wp-content\/uploads\/2016\/04\/Child-eating-lunch750.jpg\",\"width\":750,\"height\":500},{\"@type\":\"BreadcrumbList\",\"@id\":\"https:\/\/mileniumsolutions.es\/es\/area-infancia\/#breadcrumb\",\"itemListElement\":[{\"@type\":\"ListItem\",\"position\":1,\"name\":\"Portada\",\"item\":\"https:\/\/mileniumsolutions.es\/es\/\"},{\"@type\":\"ListItem\",\"position\":2,\"name\":\"\u00c1rea Infancia\"}]},{\"@type\":\"WebSite\",\"@id\":\"https:\/\/mileniumsolutions.es\/es\/#website\",\"url\":\"https:\/\/mileniumsolutions.es\/es\/\",\"name\":\"Milenium Solutions\",\"description\":\"Gesti\u00f3n Integral de Servicios\",\"potentialAction\":[{\"@type\":\"SearchAction\",\"target\":{\"@type\":\"EntryPoint\",\"urlTemplate\":\"https:\/\/mileniumsolutions.es\/es\/?s={search_term_string}\"},\"query-input\":{\"@type\":\"PropertyValueSpecification\",\"valueRequired\":true,\"valueName\":\"search_term_string\"}}],\"inLanguage\":\"es\"}]}<\/script>\n<!-- \/ Yoast SEO plugin. -->","yoast_head_json":{"title":"\u00c1rea Infancia - Milenium Solutions","robots":{"index":"index","follow":"follow","max-snippet":"max-snippet:-1","max-image-preview":"max-image-preview:large","max-video-preview":"max-video-preview:-1"},"canonical":"https:\/\/mileniumsolutions.es\/es\/area-infancia\/","og_locale":"es_ES","og_type":"article","og_title":"\u00c1rea Infancia - Milenium Solutions","og_description":"Somos una empresa muy comprometida con el \u00e1mbito educativo. Contamos con un experimentado equipo educativo altamente cualificado y comprometido con una educaci\u00f3n de calidad al que todos aportamos nuestro m\u00e1s alto compromiso personal. Un Equipo multidisciplinar dispuesto siempre a enriquecer aquellos proyectos en los que participamos. Un equipo que trabaja siempre en funci\u00f3n de los [&hellip;]","og_url":"https:\/\/mileniumsolutions.es\/es\/area-infancia\/","og_site_name":"Milenium Solutions","article_modified_time":"2020-04-26T16:08:53+00:00","og_image":[{"width":750,"height":500,"url":"https:\/\/mileniumsolutions.es\/es\/wp-content\/uploads\/2016\/04\/Child-eating-lunch750.jpg","type":"image\/jpeg"}],"twitter_misc":{"Tiempo de lectura":"4 minutos"},"schema":{"@context":"https:\/\/schema.org","@graph":[{"@type":"WebPage","@id":"https:\/\/mileniumsolutions.es\/es\/area-infancia\/","url":"https:\/\/mileniumsolutions.es\/es\/area-infancia\/","name":"\u00c1rea Infancia - Milenium Solutions","isPartOf":{"@id":"https:\/\/mileniumsolutions.es\/es\/#website"},"primaryImageOfPage":{"@id":"https:\/\/mileniumsolutions.es\/es\/area-infancia\/#primaryimage"},"image":{"@id":"https:\/\/mileniumsolutions.es\/es\/area-infancia\/#primaryimage"},"thumbnailUrl":"https:\/\/mileniumsolutions.es\/es\/wp-content\/uploads\/2016\/04\/Child-eating-lunch750-300x200.jpg","datePublished":"2016-04-06T09:57:35+00:00","dateModified":"2020-04-26T16:08:53+00:00","breadcrumb":{"@id":"https:\/\/mileniumsolutions.es\/es\/area-infancia\/#breadcrumb"},"inLanguage":"es","potentialAction":[{"@type":"ReadAction","target":["https:\/\/mileniumsolutions.es\/es\/area-infancia\/"]}]},{"@type":"ImageObject","inLanguage":"es","@id":"https:\/\/mileniumsolutions.es\/es\/area-infancia\/#primaryimage","url":"https:\/\/mileniumsolutions.es\/es\/wp-content\/uploads\/2016\/04\/Child-eating-lunch750.jpg","contentUrl":"https:\/\/mileniumsolutions.es\/es\/wp-content\/uploads\/2016\/04\/Child-eating-lunch750.jpg","width":750,"height":500},{"@type":"BreadcrumbList","@id":"https:\/\/mileniumsolutions.es\/es\/area-infancia\/#breadcrumb","itemListElement":[{"@type":"ListItem","position":1,"name":"Portada","item":"https:\/\/mileniumsolutions.es\/es\/"},{"@type":"ListItem","position":2,"name":"\u00c1rea Infancia"}]},{"@type":"WebSite","@id":"https:\/\/mileniumsolutions.es\/es\/#website","url":"https:\/\/mileniumsolutions.es\/es\/","name":"Milenium Solutions","description":"Gesti\u00f3n Integral de Servicios","potentialAction":[{"@type":"SearchAction","target":{"@type":"EntryPoint","urlTemplate":"https:\/\/mileniumsolutions.es\/es\/?s={search_term_string}"},"query-input":{"@type":"PropertyValueSpecification","valueRequired":true,"valueName":"search_term_string"}}],"inLanguage":"es"}]}},"_links":{"self":[{"href":"https:\/\/mileniumsolutions.es\/es\/wp-json\/wp\/v2\/pages\/331","targetHints":{"allow":["GET"]}}],"collection":[{"href":"https:\/\/mileniumsolutions.es\/es\/wp-json\/wp\/v2\/pages"}],"about":[{"href":"https:\/\/mileniumsolutions.es\/es\/wp-json\/wp\/v2\/types\/page"}],"author":[{"embeddable":true,"href":"https:\/\/mileniumsolutions.es\/es\/wp-json\/wp\/v2\/users\/5"}],"replies":[{"embeddable":true,"href":"https:\/\/mileniumsolutions.es\/es\/wp-json\/wp\/v2\/comments?post=331"}],"version-history":[{"count":25,"href":"https:\/\/mileniumsolutions.es\/es\/wp-json\/wp\/v2\/pages\/331\/revisions"}],"predecessor-version":[{"id":613,"href":"https:\/\/mileniumsolutions.es\/es\/wp-json\/wp\/v2\/pages\/331\/revisions\/613"}],"wp:attachment":[{"href":"https:\/\/mileniumsolutions.es\/es\/wp-json\/wp\/v2\/media?parent=331"}],"curies":[{"name":"wp","href":"https:\/\/api.w.org\/{rel}","templated":true}]}}